{"id":469,"date":"2025-12-18T16:16:02","date_gmt":"2025-12-18T16:16:02","guid":{"rendered":"https:\/\/cms2505.commu.isfsc.be\/?page_id=469"},"modified":"2025-12-19T16:02:22","modified_gmt":"2025-12-19T16:02:22","slug":"projet-st-germain-officiel","status":"publish","type":"page","link":"https:\/\/cms2505.commu.isfsc.be\/index.php\/projet-st-germain-officiel\/","title":{"rendered":"Projet &#8211; St Germain (OFFICIEL)"},"content":{"rendered":"<p>[et_pb_section fb_built=\u00a0\u00bb1&Prime; _builder_version=\u00a0\u00bb4.27.5&Prime; _module_preset=\u00a0\u00bbdefault\u00a0\u00bb hover_enabled=\u00a0\u00bb0&Prime; global_colors_info=\u00a0\u00bb{}\u00a0\u00bb use_background_color_gradient=\u00a0\u00bbon\u00a0\u00bb background_color_gradient_stops=\u00a0\u00bb#ffffff 65%|#2b4fa2 100%\u00a0\u00bb sticky_enabled=\u00a0\u00bb0&Prime;][et_pb_row column_structure=\u00a0\u00bb1_2,1_2&Prime; _builder_version=\u00a0\u00bb4.27.5&Prime; _module_preset=\u00a0\u00bbdefault\u00a0\u00bb global_colors_info=\u00a0\u00bb{}\u00a0\u00bb][et_pb_column type=\u00a0\u00bb1_2&Prime; _builder_version=\u00a0\u00bb4.27.5&Prime; _module_preset=\u00a0\u00bbdefault\u00a0\u00bb global_colors_info=\u00a0\u00bb{}\u00a0\u00bb][et_pb_image src=\u00a0\u00bbhttps:\/\/cms2505.commu.isfsc.be\/wp-content\/uploads\/2025\/12\/green-leafed-plant-2998957-scaled.jpg\u00a0\u00bb title_text=\u00a0\u00bbgreen-leafed-plant-2998957&Prime; _builder_version=\u00a0\u00bb4.27.5&Prime; _module_preset=\u00a0\u00bbdefault\u00a0\u00bb global_colors_info=\u00a0\u00bb{}\u00a0\u00bb][\/et_pb_image][\/et_pb_column][et_pb_column type=\u00a0\u00bb1_2&Prime; _builder_version=\u00a0\u00bb4.27.5&Prime; _module_preset=\u00a0\u00bbdefault\u00a0\u00bb global_colors_info=\u00a0\u00bb{}\u00a0\u00bb][et_pb_text _builder_version=\u00a0\u00bb4.27.5&Prime; _module_preset=\u00a0\u00bbdefault\u00a0\u00bb header_font=\u00a0\u00bb|800|||||||\u00a0\u00bb header_text_color=\u00a0\u00bb#000000&Prime; header_font_size=\u00a0\u00bb100px\u00a0\u00bb global_colors_info=\u00a0\u00bb{}\u00a0\u00bb]<\/p>\n<h1><em><strong>St Germain<\/strong><\/em><\/h1>\n<p>[\/et_pb_text][\/et_pb_column][\/et_pb_row][et_pb_row column_structure=\u00a0\u00bb1_2,1_2&Prime; _builder_version=\u00a0\u00bb4.27.5&Prime; _module_preset=\u00a0\u00bbdefault\u00a0\u00bb global_colors_info=\u00a0\u00bb{}\u00a0\u00bb][et_pb_column type=\u00a0\u00bb1_2&Prime; _builder_version=\u00a0\u00bb4.27.5&Prime; _module_preset=\u00a0\u00bbdefault\u00a0\u00bb global_colors_info=\u00a0\u00bb{}\u00a0\u00bb][et_pb_text _builder_version=\u00a0\u00bb4.27.5&Prime; _module_preset=\u00a0\u00bbdefault\u00a0\u00bb global_colors_info=\u00a0\u00bb{}\u00a0\u00bb]<\/p>\n<div class=\"et_pb_module et_pb_text et_pb_text_2  et_pb_text_align_left et_pb_bg_layout_light\">\n<div class=\"et_pb_text_inner\">\n<p><span style=\"color: #000000;\">Depuis 2012, le Potager de St Germain produit des l\u00e9gumes et des fruits biologiques<\/span><br \/><span style=\"color: #000000;\">tout en permettant l\u2019insertion de personnes \u00e9loign\u00e9es de l\u2019emploi<\/span><\/p>\n<h2><span style=\"color: #000000;\">Activit\u00e9s de mara\u00eechage<\/span><\/h2>\n<ul>\n<li><span style=\"color: #000000;\">Un potager 100% bio avec un souci constant pour la biodiversit\u00e9<\/span><\/li>\n<li><span style=\"color: #000000;\">Un projet d\u2019insertion sociale via le travail aux champs de personnes \u00e9loign\u00e9es de l\u2019emploi<\/span><\/li>\n<li><span style=\"color: #000000;\">Un potager p\u00e9dagogique qui partage sa passion avec les classes et groupes d\u2019enfants ou d\u2019adultes<\/span><\/li>\n<\/ul>\n<p><span style=\"color: #000000;\">\u00a0<\/span><\/p>\n<p><span style=\"color: #000000;\">\u00a0<\/span><\/p>\n<\/div>\n<\/div>\n<div class=\"et_pb_module et_pb_divider et_pb_divider_1 et_pb_divider_position_ et_pb_space\">\n<div class=\"et_pb_divider_internal\"><\/div>\n<\/div>\n<div class=\"et_pb_module et_pb_text et_pb_text_3  et_pb_text_align_left et_pb_bg_layout_light\">\n<div class=\"et_pb_text_inner\">\n<h2><span style=\"color: #000000;\">En collaboration<\/span><\/h2>\n<p><span style=\"color: #000000;\">L\u2019agence Cabane<\/span><\/p>\n<\/div>\n<\/div>\n<p>[\/et_pb_text][\/et_pb_column][et_pb_column type=\u00a0\u00bb1_2&Prime; _builder_version=\u00a0\u00bb4.27.5&Prime; _module_preset=\u00a0\u00bbdefault\u00a0\u00bb global_colors_info=\u00a0\u00bb{}\u00a0\u00bb][et_pb_text _builder_version=\u00a0\u00bb4.27.5&Prime; _module_preset=\u00a0\u00bbdefault\u00a0\u00bb global_colors_info=\u00a0\u00bb{}\u00a0\u00bb]<\/p>\n<div class=\"et_pb_module et_pb_text et_pb_text_5  et_pb_text_align_left et_pb_bg_layout_light\">\n<div class=\"et_pb_text_inner\">\n<p><span style=\"color: #000000;\">Afin d\u2019informer sur la nature de son projet mais aussi sensibiliser sa population \u00e0 la probl\u00e9matique de la pollution des sols de la vall\u00e9e industrielle, le CPAS de Pepinster fait appel \u00e0 LahpLab pour<\/span><\/p>\n<p><span style=\"color: #000000;\">\u2013 identifier les bons vecteurs de communication pour sensibiliser sans effrayer quant \u00e0 la pollution des sols<\/span><br \/><span style=\"color: #000000;\">\u2013 rencontrer le mara\u00eecher et les responsables de l\u2019AFSCA pour identifier la marche \u00e0 suivre<\/span><br \/><span style=\"color: #000000;\">\u2013 prodiguer les bons gestes<\/span><br \/><span style=\"color: #000000;\">\u2013 rappeler la nature sociale et p\u00e9dagogique du projet<\/span><\/p>\n<\/div>\n<\/div>\n<div class=\"et_pb_module et_pb_text et_pb_text_6  et_pb_text_align_left et_pb_bg_layout_light\">\n<div class=\"et_pb_text_inner\">\n<h2><span style=\"color: #000000;\">Prescriptions<\/span><\/h2>\n<\/div>\n<\/div>\n<div class=\"et_pb_module et_pb_divider et_pb_divider_3 et_pb_divider_position_ et_pb_space\">\n<div class=\"et_pb_divider_internal\"><\/div>\n<\/div>\n<div class=\"et_pb_module et_pb_text et_pb_text_7  et_pb_text_align_left et_pb_bg_layout_light\">\n<div class=\"et_pb_text_inner\">\n<p><span style=\"color: #000000;\">Plusieurs supports sont pr\u00e9conis\u00e9s\u00a0 :<\/span><\/p>\n<ul>\n<li><span style=\"color: #000000;\"><strong>Un article coupl\u00e9 \u00e0 une infographie\u00a0<\/strong>: double page publi\u00e9e dans le journal communal gratuit<strong><br \/><\/strong><\/span><\/li>\n<li><span style=\"color: #000000;\"><strong>Cr\u00e9ation d\u2019un roll-up<\/strong>\u00a0pr\u00e9sent sur le lieu de vente ou lors des \u00e9v\u00e9nements<\/span><\/li>\n<li><span style=\"color: #000000;\"><strong>Adaptation des contenus pour le site internet du Potager de St Germain<\/strong><\/span><\/li>\n<li><span style=\"color: #000000;\"><strong>Infographie \u00e0 entr\u00e9es multiples :\u00a0<\/strong>le projet d\u2019insertion sociale, le projet p\u00e9dagogique, la vente locale et\/ou bio, la pollution des sols et les bons gestes pour les d\u00e9polluer.<\/span><\/li>\n<\/ul>\n<\/div>\n<\/div>\n<p>[\/et_pb_text][\/et_pb_column][\/et_pb_row][et_pb_row _builder_version=\u00a0\u00bb4.27.5&Prime; _module_preset=\u00a0\u00bbdefault\u00a0\u00bb global_colors_info=\u00a0\u00bb{}\u00a0\u00bb][et_pb_column type=\u00a0\u00bb4_4&Prime; _builder_version=\u00a0\u00bb4.27.5&Prime; _module_preset=\u00a0\u00bbdefault\u00a0\u00bb global_colors_info=\u00a0\u00bb{}\u00a0\u00bb][et_pb_image src=\u00a0\u00bbhttps:\/\/cms2505.commu.isfsc.be\/wp-content\/uploads\/2025\/12\/CABANE_LOGO_DEF_ROUGE-1-300&#215;99-1.png\u00a0\u00bb title_text=\u00a0\u00bbCABANE_LOGO_DEF_ROUGE-1-300&#215;99&Prime; _builder_version=\u00a0\u00bb4.27.5&Prime; _module_preset=\u00a0\u00bbdefault\u00a0\u00bb global_colors_info=\u00a0\u00bb{}\u00a0\u00bb][\/et_pb_image][et_pb_text _builder_version=\u00a0\u00bb4.27.5&Prime; _module_preset=\u00a0\u00bbdefault\u00a0\u00bb header_text_color=\u00a0\u00bb#000000&Prime; header_font_size=\u00a0\u00bb40px\u00a0\u00bb global_colors_info=\u00a0\u00bb{}\u00a0\u00bb]<\/p>\n<h1>Soins prodigu\u00e9s<\/h1>\n<p>[\/et_pb_text][\/et_pb_column][\/et_pb_row][et_pb_row _builder_version=\u00a0\u00bb4.27.5&Prime; _module_preset=\u00a0\u00bbdefault\u00a0\u00bb global_colors_info=\u00a0\u00bb{}\u00a0\u00bb][et_pb_column type=\u00a0\u00bb4_4&Prime; _builder_version=\u00a0\u00bb4.27.5&Prime; _module_preset=\u00a0\u00bbdefault\u00a0\u00bb global_colors_info=\u00a0\u00bb{}\u00a0\u00bb][et_pb_slider _builder_version=\u00a0\u00bb4.27.5&Prime; _module_preset=\u00a0\u00bbdefault\u00a0\u00bb hover_enabled=\u00a0\u00bb0&Prime; sticky_enabled=\u00a0\u00bb0&Prime;][et_pb_slide _builder_version=\u00a0\u00bb4.27.5&Prime; _module_preset=\u00a0\u00bbdefault\u00a0\u00bb title_text=\u00a0\u00bbMock-up-ArticleStGermain\u00a0\u00bb image=\u00a0\u00bbhttps:\/\/cms2505.commu.isfsc.be\/wp-content\/uploads\/2025\/12\/Mock-up-ArticleStGermain.png\u00a0\u00bb hover_enabled=\u00a0\u00bb0&Prime; sticky_enabled=\u00a0\u00bb0&Prime; background_enable_color=\u00a0\u00bboff\u00a0\u00bb][\/et_pb_slide][et_pb_slide _builder_version=\u00a0\u00bb4.27.5&Prime; _module_preset=\u00a0\u00bbdefault\u00a0\u00bb title_text=\u00a0\u00bbRollup_Potager-120&#215;200&Prime; image=\u00a0\u00bbhttps:\/\/cms2505.commu.isfsc.be\/wp-content\/uploads\/2025\/12\/Rollup_Potager-120&#215;200-1.png\u00a0\u00bb hover_enabled=\u00a0\u00bb0&Prime; sticky_enabled=\u00a0\u00bb0&Prime; background_enable_color=\u00a0\u00bboff\u00a0\u00bb][\/et_pb_slide][\/et_pb_slider][\/et_pb_column][\/et_pb_row][\/et_pb_section]<\/p>\n","protected":false},"excerpt":{"rendered":"<p>St Germain Depuis 2012, le Potager de St Germain produit des l\u00e9gumes et des fruits biologiquestout en permettant l\u2019insertion de personnes \u00e9loign\u00e9es de l\u2019emploi Activit\u00e9s de mara\u00eechage Un potager 100% bio avec un souci constant pour la biodiversit\u00e9 Un projet d\u2019insertion sociale via le travail aux champs de personnes \u00e9loign\u00e9es de l\u2019emploi Un potager p\u00e9dagogique [&hellip;]<\/p>\n","protected":false},"author":2,"featured_media":0,"parent":0,"menu_order":0,"comment_status":"closed","ping_status":"closed","template":"","meta":{"_et_pb_use_builder":"on","_et_pb_old_content":"","_et_gb_content_width":"","footnotes":""},"class_list":["post-469","page","type-page","status-publish","hentry"],"_links":{"self":[{"href":"https:\/\/cms2505.commu.isfsc.be\/index.php\/wp-json\/wp\/v2\/pages\/469","targetHints":{"allow":["GET"]}}],"collection":[{"href":"https:\/\/cms2505.commu.isfsc.be\/index.php\/wp-json\/wp\/v2\/pages"}],"about":[{"href":"https:\/\/cms2505.commu.isfsc.be\/index.php\/wp-json\/wp\/v2\/types\/page"}],"author":[{"embeddable":true,"href":"https:\/\/cms2505.commu.isfsc.be\/index.php\/wp-json\/wp\/v2\/users\/2"}],"replies":[{"embeddable":true,"href":"https:\/\/cms2505.commu.isfsc.be\/index.php\/wp-json\/wp\/v2\/comments?post=469"}],"version-history":[{"count":3,"href":"https:\/\/cms2505.commu.isfsc.be\/index.php\/wp-json\/wp\/v2\/pages\/469\/revisions"}],"predecessor-version":[{"id":476,"href":"https:\/\/cms2505.commu.isfsc.be\/index.php\/wp-json\/wp\/v2\/pages\/469\/revisions\/476"}],"wp:attachment":[{"href":"https:\/\/cms2505.commu.isfsc.be\/index.php\/wp-json\/wp\/v2\/media?parent=469"}],"curies":[{"name":"wp","href":"https:\/\/api.w.org\/{rel}","templated":true}]}}